{"id":929,"date":"2020-03-01T16:31:05","date_gmt":"2020-03-01T16:31:05","guid":{"rendered":"https:\/\/pointeclairerifleclub.ca\/membership\/"},"modified":"2026-04-30T14:43:00","modified_gmt":"2026-04-30T14:43:00","slug":"adhesion","status":"publish","type":"page","link":"https:\/\/pointeclairerifleclub.ca\/fr\/adhesion\/","title":{"rendered":"Adh\u00e9sion"},"content":{"rendered":"<blockquote>\n<table class=\"table\">\n<thead>\n<tr>\n<th>Adh\u00e9sion<\/th>\n<th>Co\u00fbt<\/th>\n<\/tr>\n<\/thead>\n<tbody>\n<tr class=\"table-dark\">\n<th>Adh\u00e9sion compl\u00e8te senior<\/th>\n<td>650 $<\/td>\n<\/tr>\n<tr>\n<td colspan=\"3\">Utilisation compl\u00e8te* de toutes les salles de tir et de toutes les carabines et \u00e9quipements du club<\/td>\n<\/tr>\n<tr class=\"table-dark\">\n<th>Adh\u00e9sion compl\u00e8te air comprim\u00e9<\/th>\n<td>350 $<\/td>\n<\/tr>\n<tr>\n<td colspan=\"3\">Utilisation de la salle et de l\u2019\u00e9quipement de la salle \u00e0 air comprim\u00e9 seulement<\/td>\n<\/tr>\n<tr class=\"table-dark\">\n<th>Adh\u00e9sion compl\u00e8te \u00e9tudiant (19 \u00e0 24)<\/th>\n<td>350 $<\/td>\n<\/tr>\n<tr>\n<td colspan=\"3\">Utilisation compl\u00e8te* de toutes les salles de tir et de toutes les carabines et \u00e9quipements du club<\/td>\n<\/tr>\n<tr class=\"table-dark\">\n<th>Adh\u00e9sion compl\u00e8te junior (12 \u00e0 18)<\/th>\n<td>300 $<\/td>\n<\/tr>\n<tr>\n<td colspan=\"3\">Utilisation compl\u00e8te* de toutes les salles de tir et de toutes les carabines et \u00e9quipements du club<\/td>\n<\/tr>\n<tr class=\"table-dark\">\n<th>Couple<\/th>\n<td>850 $<\/td>\n<\/tr>\n<tr>\n<td colspan=\"3\">Utilisation compl\u00e8te* de toutes les salles de tir et de toutes les carabines et \u00e9quipements du club<\/td>\n<\/tr>\n<tr class=\"table-dark\">\n<th>Adh\u00e9sion compl\u00e8te famille<\/th>\n<td>650 $<\/td>\n<\/tr>\n<tr class=\"table-light\">\n<td>Conjoint<\/td>\n<td>200 $<\/td>\n<\/tr>\n<tr class=\"table-light\">\n<td>Par enfant (12 \u00e0 18)<\/td>\n<td>100 $<\/td>\n<\/tr>\n<tr>\n<td colspan=\"3\">Utilisation compl\u00e8te* de toutes les salles de tir et de tous les carabines et \u00e9quipements du club<\/td>\n<\/tr>\n<\/tbody>\n<\/table>\n<\/blockquote>\n<p><u>L&rsquo;assurance et l&rsquo;adh\u00e9sion \u00e0 la F\u00e9d\u00e9ration qu\u00e9b\u00e9coise de tir (FQT) sont incluses dans les frais d&rsquo;adh\u00e9sion au club.<\/u><\/p>\n<p>*L&rsquo;usage d&rsquo;armes de poing est pour les membres \u00e2g\u00e9s de 21 ans et plus seulement<\/p>\n<p>Sauf indication contraire, les prix n&rsquo;incluent pas les taxes.<\/p>\n","protected":false},"excerpt":{"rendered":"<p>Adh\u00e9sion Co\u00fbt Adh\u00e9sion compl\u00e8te senior 650 $ Utilisation compl\u00e8te* de toutes les salles de tir et de toutes les carabines et \u00e9quipements du club Adh\u00e9sion compl\u00e8te air comprim\u00e9 350 $ Utilisation de la salle et de l\u2019\u00e9quipement de la salle \u00e0 air comprim\u00e9 seulement Adh\u00e9sion compl\u00e8te \u00e9tudiant (19 \u00e0 24) 350 $ Utilisation compl\u00e8te* de [&#8230;]<\/p>\n<p class=\"read-more-wrapper\"><a class=\"pcrc-read-more-link\" href=\"https:\/\/pointeclairerifleclub.ca\/fr\/adhesion\/\">Lire la suite<\/a><\/p>\n","protected":false},"author":1,"featured_media":0,"parent":0,"menu_order":0,"comment_status":"closed","ping_status":"closed","template":"","meta":{"footnotes":""},"class_list":["post-929","page","type-page","status-publish","hentry"],"yoast_head":"<!-- This site is optimized with the Yoast SEO plugin v27.5 - https:\/\/yoast.com\/product\/yoast-seo-wordpress\/ -->\n<title>Adh\u00e9sion - Club de tir Pointe-Claire<\/title>\n<meta name=\"robots\" content=\"index, follow, max-snippet:-1, max-image-preview:large, max-video-preview:-1\" \/>\n<link rel=\"canonical\" href=\"https:\/\/pointeclairerifleclub.ca\/fr\/adhesion\/\" \/>\n<meta property=\"og:locale\" content=\"fr_CA\" \/>\n<meta property=\"og:type\" content=\"article\" \/>\n<meta property=\"og:title\" content=\"Adh\u00e9sion - Club de tir Pointe-Claire\" \/>\n<meta property=\"og:description\" content=\"Adh\u00e9sion Co\u00fbt Adh\u00e9sion compl\u00e8te senior 650 $ Utilisation compl\u00e8te* de toutes les salles de tir et de toutes les carabines et \u00e9quipements du club Adh\u00e9sion compl\u00e8te air comprim\u00e9 350 $ Utilisation de la salle et de l\u2019\u00e9quipement de la salle \u00e0 air comprim\u00e9 seulement Adh\u00e9sion compl\u00e8te \u00e9tudiant (19 \u00e0 24) 350 $ Utilisation compl\u00e8te* de [...]Lire la suite\" \/>\n<meta property=\"og:url\" content=\"https:\/\/pointeclairerifleclub.ca\/fr\/adhesion\/\" \/>\n<meta property=\"og:site_name\" content=\"Club de tir Pointe-Claire\" \/>\n<meta property=\"article:modified_time\" content=\"2026-04-30T14:43:00+00:00\" \/>\n<meta name=\"twitter:card\" content=\"summary_large_image\" \/>\n<meta name=\"twitter:label1\" content=\"Estimation du temps de lecture\" \/>\n\t<meta name=\"twitter:data1\" content=\"1 minute\" \/>\n<script type=\"application\/ld+json\" class=\"yoast-schema-graph\">{\"@context\":\"https:\\\/\\\/schema.org\",\"@graph\":[{\"@type\":\"WebPage\",\"@id\":\"https:\\\/\\\/pointeclairerifleclub.ca\\\/fr\\\/adhesion\\\/\",\"url\":\"https:\\\/\\\/pointeclairerifleclub.ca\\\/fr\\\/adhesion\\\/\",\"name\":\"Adh\u00e9sion - Club de tir Pointe-Claire\",\"isPartOf\":{\"@id\":\"https:\\\/\\\/pointeclairerifleclub.ca\\\/fr\\\/#website\"},\"datePublished\":\"2020-03-01T16:31:05+00:00\",\"dateModified\":\"2026-04-30T14:43:00+00:00\",\"breadcrumb\":{\"@id\":\"https:\\\/\\\/pointeclairerifleclub.ca\\\/fr\\\/adhesion\\\/#breadcrumb\"},\"inLanguage\":\"fr-CA\",\"potentialAction\":[{\"@type\":\"ReadAction\",\"target\":[\"https:\\\/\\\/pointeclairerifleclub.ca\\\/fr\\\/adhesion\\\/\"]}]},{\"@type\":\"BreadcrumbList\",\"@id\":\"https:\\\/\\\/pointeclairerifleclub.ca\\\/fr\\\/adhesion\\\/#breadcrumb\",\"itemListElement\":[{\"@type\":\"ListItem\",\"position\":1,\"name\":\"Home\",\"item\":\"https:\\\/\\\/pointeclairerifleclub.ca\\\/fr\\\/\"},{\"@type\":\"ListItem\",\"position\":2,\"name\":\"Adh\u00e9sion\"}]},{\"@type\":\"WebSite\",\"@id\":\"https:\\\/\\\/pointeclairerifleclub.ca\\\/fr\\\/#website\",\"url\":\"https:\\\/\\\/pointeclairerifleclub.ca\\\/fr\\\/\",\"name\":\"Club de tir Pointe-Claire\",\"description\":\"\",\"publisher\":{\"@id\":\"https:\\\/\\\/pointeclairerifleclub.ca\\\/fr\\\/#organization\"},\"potentialAction\":[{\"@type\":\"SearchAction\",\"target\":{\"@type\":\"EntryPoint\",\"urlTemplate\":\"https:\\\/\\\/pointeclairerifleclub.ca\\\/fr\\\/?s={search_term_string}\"},\"query-input\":{\"@type\":\"PropertyValueSpecification\",\"valueRequired\":true,\"valueName\":\"search_term_string\"}}],\"inLanguage\":\"fr-CA\"},{\"@type\":\"Organization\",\"@id\":\"https:\\\/\\\/pointeclairerifleclub.ca\\\/fr\\\/#organization\",\"name\":\"Club de tir Pointe-Claire\",\"url\":\"https:\\\/\\\/pointeclairerifleclub.ca\\\/fr\\\/\",\"logo\":{\"@type\":\"ImageObject\",\"inLanguage\":\"fr-CA\",\"@id\":\"https:\\\/\\\/pointeclairerifleclub.ca\\\/fr\\\/#\\\/schema\\\/logo\\\/image\\\/\",\"url\":\"https:\\\/\\\/pointeclairerifleclub.ca\\\/wp-content\\\/uploads\\\/2020\\\/03\\\/PCRC-Logo-Banner.png\",\"contentUrl\":\"https:\\\/\\\/pointeclairerifleclub.ca\\\/wp-content\\\/uploads\\\/2020\\\/03\\\/PCRC-Logo-Banner.png\",\"width\":2362,\"height\":2088,\"caption\":\"Club de tir Pointe-Claire\"},\"image\":{\"@id\":\"https:\\\/\\\/pointeclairerifleclub.ca\\\/fr\\\/#\\\/schema\\\/logo\\\/image\\\/\"}}]}<\/script>\n<!-- \/ Yoast SEO plugin. -->","yoast_head_json":{"title":"Adh\u00e9sion - Club de tir Pointe-Claire","robots":{"index":"index","follow":"follow","max-snippet":"max-snippet:-1","max-image-preview":"max-image-preview:large","max-video-preview":"max-video-preview:-1"},"canonical":"https:\/\/pointeclairerifleclub.ca\/fr\/adhesion\/","og_locale":"fr_CA","og_type":"article","og_title":"Adh\u00e9sion - Club de tir Pointe-Claire","og_description":"Adh\u00e9sion Co\u00fbt Adh\u00e9sion compl\u00e8te senior 650 $ Utilisation compl\u00e8te* de toutes les salles de tir et de toutes les carabines et \u00e9quipements du club Adh\u00e9sion compl\u00e8te air comprim\u00e9 350 $ Utilisation de la salle et de l\u2019\u00e9quipement de la salle \u00e0 air comprim\u00e9 seulement Adh\u00e9sion compl\u00e8te \u00e9tudiant (19 \u00e0 24) 350 $ Utilisation compl\u00e8te* de [...]Lire la suite","og_url":"https:\/\/pointeclairerifleclub.ca\/fr\/adhesion\/","og_site_name":"Club de tir Pointe-Claire","article_modified_time":"2026-04-30T14:43:00+00:00","twitter_card":"summary_large_image","twitter_misc":{"Estimation du temps de lecture":"1 minute"},"schema":{"@context":"https:\/\/schema.org","@graph":[{"@type":"WebPage","@id":"https:\/\/pointeclairerifleclub.ca\/fr\/adhesion\/","url":"https:\/\/pointeclairerifleclub.ca\/fr\/adhesion\/","name":"Adh\u00e9sion - Club de tir Pointe-Claire","isPartOf":{"@id":"https:\/\/pointeclairerifleclub.ca\/fr\/#website"},"datePublished":"2020-03-01T16:31:05+00:00","dateModified":"2026-04-30T14:43:00+00:00","breadcrumb":{"@id":"https:\/\/pointeclairerifleclub.ca\/fr\/adhesion\/#breadcrumb"},"inLanguage":"fr-CA","potentialAction":[{"@type":"ReadAction","target":["https:\/\/pointeclairerifleclub.ca\/fr\/adhesion\/"]}]},{"@type":"BreadcrumbList","@id":"https:\/\/pointeclairerifleclub.ca\/fr\/adhesion\/#breadcrumb","itemListElement":[{"@type":"ListItem","position":1,"name":"Home","item":"https:\/\/pointeclairerifleclub.ca\/fr\/"},{"@type":"ListItem","position":2,"name":"Adh\u00e9sion"}]},{"@type":"WebSite","@id":"https:\/\/pointeclairerifleclub.ca\/fr\/#website","url":"https:\/\/pointeclairerifleclub.ca\/fr\/","name":"Club de tir Pointe-Claire","description":"","publisher":{"@id":"https:\/\/pointeclairerifleclub.ca\/fr\/#organization"},"potentialAction":[{"@type":"SearchAction","target":{"@type":"EntryPoint","urlTemplate":"https:\/\/pointeclairerifleclub.ca\/fr\/?s={search_term_string}"},"query-input":{"@type":"PropertyValueSpecification","valueRequired":true,"valueName":"search_term_string"}}],"inLanguage":"fr-CA"},{"@type":"Organization","@id":"https:\/\/pointeclairerifleclub.ca\/fr\/#organization","name":"Club de tir Pointe-Claire","url":"https:\/\/pointeclairerifleclub.ca\/fr\/","logo":{"@type":"ImageObject","inLanguage":"fr-CA","@id":"https:\/\/pointeclairerifleclub.ca\/fr\/#\/schema\/logo\/image\/","url":"https:\/\/pointeclairerifleclub.ca\/wp-content\/uploads\/2020\/03\/PCRC-Logo-Banner.png","contentUrl":"https:\/\/pointeclairerifleclub.ca\/wp-content\/uploads\/2020\/03\/PCRC-Logo-Banner.png","width":2362,"height":2088,"caption":"Club de tir Pointe-Claire"},"image":{"@id":"https:\/\/pointeclairerifleclub.ca\/fr\/#\/schema\/logo\/image\/"}}]}},"_links":{"self":[{"href":"https:\/\/pointeclairerifleclub.ca\/fr\/wp-json\/wp\/v2\/pages\/929","targetHints":{"allow":["GET"]}}],"collection":[{"href":"https:\/\/pointeclairerifleclub.ca\/fr\/wp-json\/wp\/v2\/pages"}],"about":[{"href":"https:\/\/pointeclairerifleclub.ca\/fr\/wp-json\/wp\/v2\/types\/page"}],"author":[{"embeddable":true,"href":"https:\/\/pointeclairerifleclub.ca\/fr\/wp-json\/wp\/v2\/users\/1"}],"replies":[{"embeddable":true,"href":"https:\/\/pointeclairerifleclub.ca\/fr\/wp-json\/wp\/v2\/comments?post=929"}],"version-history":[{"count":31,"href":"https:\/\/pointeclairerifleclub.ca\/fr\/wp-json\/wp\/v2\/pages\/929\/revisions"}],"predecessor-version":[{"id":2036,"href":"https:\/\/pointeclairerifleclub.ca\/fr\/wp-json\/wp\/v2\/pages\/929\/revisions\/2036"}],"wp:attachment":[{"href":"https:\/\/pointeclairerifleclub.ca\/fr\/wp-json\/wp\/v2\/media?parent=929"}],"curies":[{"name":"wp","href":"https:\/\/api.w.org\/{rel}","templated":true}]}}