{"id":924,"date":"2020-03-02T14:41:43","date_gmt":"2020-03-02T14:41:43","guid":{"rendered":"https:\/\/pointeclairerifleclub.ca\/facilities\/rifle\/club-rifles\/"},"modified":"2020-04-21T17:16:29","modified_gmt":"2020-04-21T17:16:29","slug":"carabines-du-club","status":"publish","type":"page","link":"https:\/\/pointeclairerifleclub.ca\/fr\/installations\/carabine\/carabines-du-club\/","title":{"rendered":"Carabines du club"},"content":{"rendered":"<p>Le club dispose de carabines de sport, de tir \u00e0 la cible, ainsi que de carabines pour gauchers et pour enfants. Voici quelques-unes des carabines du club disponibles.<\/p>\n<figure id=\"attachment_63\" aria-describedby=\"caption-attachment-63\" style=\"width: 2560px\" class=\"wp-caption aligncenter\"><img decoding=\"async\" class=\"wp-image-63 size-full\" src=\"https:\/\/pointeclairerifleclub.ca\/wp-content\/uploads\/2020\/03\/jr-scaled.jpg\" alt=\"\" width=\"2560\" height=\"1702\" srcset=\"https:\/\/pointeclairerifleclub.ca\/wp-content\/uploads\/2020\/03\/jr-scaled.jpg 2560w, https:\/\/pointeclairerifleclub.ca\/wp-content\/uploads\/2020\/03\/jr-300x200.jpg 300w, https:\/\/pointeclairerifleclub.ca\/wp-content\/uploads\/2020\/03\/jr-1024x681.jpg 1024w, https:\/\/pointeclairerifleclub.ca\/wp-content\/uploads\/2020\/03\/jr-768x511.jpg 768w, https:\/\/pointeclairerifleclub.ca\/wp-content\/uploads\/2020\/03\/jr-1536x1021.jpg 1536w, https:\/\/pointeclairerifleclub.ca\/wp-content\/uploads\/2020\/03\/jr-2048x1362.jpg 2048w\" sizes=\"(max-width: 2560px) 100vw, 2560px\" \/><figcaption id=\"caption-attachment-63\" class=\"wp-caption-text\">Mossberg Model 340B &#8211; Modifi\u00e9e pour convenir aux jeunes de 12 ans et plus. Ces carabines l\u00e9g\u00e8res sont bien adapt\u00e9es aux d\u00e9butants et sont tr\u00e8s pr\u00e9cises.<\/figcaption><\/figure>\n<figure id=\"attachment_11\" aria-describedby=\"caption-attachment-11\" style=\"width: 2560px\" class=\"wp-caption aligncenter\"><img decoding=\"async\" class=\"wp-image-11 size-full\" src=\"https:\/\/pointeclairerifleclub.ca\/wp-content\/uploads\/2020\/03\/5-scaled.jpg\" alt=\"\" width=\"2560\" height=\"831\" srcset=\"https:\/\/pointeclairerifleclub.ca\/wp-content\/uploads\/2020\/03\/5-scaled.jpg 2560w, https:\/\/pointeclairerifleclub.ca\/wp-content\/uploads\/2020\/03\/5-300x97.jpg 300w, https:\/\/pointeclairerifleclub.ca\/wp-content\/uploads\/2020\/03\/5-1024x333.jpg 1024w, https:\/\/pointeclairerifleclub.ca\/wp-content\/uploads\/2020\/03\/5-768x249.jpg 768w, https:\/\/pointeclairerifleclub.ca\/wp-content\/uploads\/2020\/03\/5-1536x499.jpg 1536w, https:\/\/pointeclairerifleclub.ca\/wp-content\/uploads\/2020\/03\/5-2048x665.jpg 2048w\" sizes=\"(max-width: 2560px) 100vw, 2560px\" \/><figcaption id=\"caption-attachment-11\" class=\"wp-caption-text\">Anschutz mod\u00e8le 190 (carabine de sport) &#8211; Ces carabines conviennent aussi bien aux d\u00e9butants qu&rsquo;aux experts<\/figcaption><\/figure>\n<figure id=\"attachment_65\" aria-describedby=\"caption-attachment-65\" style=\"width: 2560px\" class=\"wp-caption aligncenter\"><img decoding=\"async\" class=\"wp-image-65 size-full\" src=\"https:\/\/pointeclairerifleclub.ca\/wp-content\/uploads\/2020\/03\/lefty2-scaled.jpg\" alt=\"\" width=\"2560\" height=\"682\" srcset=\"https:\/\/pointeclairerifleclub.ca\/wp-content\/uploads\/2020\/03\/lefty2-scaled.jpg 2560w, https:\/\/pointeclairerifleclub.ca\/wp-content\/uploads\/2020\/03\/lefty2-300x80.jpg 300w, https:\/\/pointeclairerifleclub.ca\/wp-content\/uploads\/2020\/03\/lefty2-1024x273.jpg 1024w, https:\/\/pointeclairerifleclub.ca\/wp-content\/uploads\/2020\/03\/lefty2-768x205.jpg 768w, https:\/\/pointeclairerifleclub.ca\/wp-content\/uploads\/2020\/03\/lefty2-1536x409.jpg 1536w, https:\/\/pointeclairerifleclub.ca\/wp-content\/uploads\/2020\/03\/lefty2-2048x546.jpg 2048w\" sizes=\"(max-width: 2560px) 100vw, 2560px\" \/><figcaption id=\"caption-attachment-65\" class=\"wp-caption-text\">Anschutz mod\u00e8le 190 pour gauchers<\/figcaption><\/figure>\n<figure id=\"attachment_35\" aria-describedby=\"caption-attachment-35\" style=\"width: 2560px\" class=\"wp-caption aligncenter\"><img decoding=\"async\" class=\"size-full wp-image-35\" src=\"https:\/\/pointeclairerifleclub.ca\/wp-content\/uploads\/2020\/03\/IMG_7373-scaled.jpg\" alt=\"\" width=\"2560\" height=\"699\" srcset=\"https:\/\/pointeclairerifleclub.ca\/wp-content\/uploads\/2020\/03\/IMG_7373-scaled.jpg 2560w, https:\/\/pointeclairerifleclub.ca\/wp-content\/uploads\/2020\/03\/IMG_7373-300x82.jpg 300w, https:\/\/pointeclairerifleclub.ca\/wp-content\/uploads\/2020\/03\/IMG_7373-1024x280.jpg 1024w, https:\/\/pointeclairerifleclub.ca\/wp-content\/uploads\/2020\/03\/IMG_7373-768x210.jpg 768w, https:\/\/pointeclairerifleclub.ca\/wp-content\/uploads\/2020\/03\/IMG_7373-1536x420.jpg 1536w, https:\/\/pointeclairerifleclub.ca\/wp-content\/uploads\/2020\/03\/IMG_7373-2048x559.jpg 2048w\" sizes=\"(max-width: 2560px) 100vw, 2560px\" \/><figcaption id=\"caption-attachment-35\" class=\"wp-caption-text\">Vickers Martini<\/figcaption><\/figure>\n<figure id=\"attachment_41\" aria-describedby=\"caption-attachment-41\" style=\"width: 2560px\" class=\"wp-caption aligncenter\"><img decoding=\"async\" class=\"size-full wp-image-41\" src=\"https:\/\/pointeclairerifleclub.ca\/wp-content\/uploads\/2020\/03\/IMG_7395-scaled.jpg\" alt=\"\" width=\"2560\" height=\"807\" srcset=\"https:\/\/pointeclairerifleclub.ca\/wp-content\/uploads\/2020\/03\/IMG_7395-scaled.jpg 2560w, https:\/\/pointeclairerifleclub.ca\/wp-content\/uploads\/2020\/03\/IMG_7395-300x95.jpg 300w, https:\/\/pointeclairerifleclub.ca\/wp-content\/uploads\/2020\/03\/IMG_7395-1024x323.jpg 1024w, https:\/\/pointeclairerifleclub.ca\/wp-content\/uploads\/2020\/03\/IMG_7395-768x242.jpg 768w, https:\/\/pointeclairerifleclub.ca\/wp-content\/uploads\/2020\/03\/IMG_7395-1536x484.jpg 1536w, https:\/\/pointeclairerifleclub.ca\/wp-content\/uploads\/2020\/03\/IMG_7395-2048x646.jpg 2048w\" sizes=\"(max-width: 2560px) 100vw, 2560px\" \/><figcaption id=\"caption-attachment-41\" class=\"wp-caption-text\">Carabine de match Anschutz 1903\u2013 Couch\u00e9<\/figcaption><\/figure>\n<p>&nbsp;<\/p>\n<figure id=\"attachment_40\" aria-describedby=\"caption-attachment-40\" style=\"width: 2560px\" class=\"wp-caption aligncenter\"><img decoding=\"async\" class=\"wp-image-40 size-full\" src=\"https:\/\/pointeclairerifleclub.ca\/wp-content\/uploads\/2020\/03\/IMG_7387-scaled.jpg\" alt=\"\" width=\"2560\" height=\"624\" srcset=\"https:\/\/pointeclairerifleclub.ca\/wp-content\/uploads\/2020\/03\/IMG_7387-scaled.jpg 2560w, https:\/\/pointeclairerifleclub.ca\/wp-content\/uploads\/2020\/03\/IMG_7387-300x73.jpg 300w, https:\/\/pointeclairerifleclub.ca\/wp-content\/uploads\/2020\/03\/IMG_7387-1024x250.jpg 1024w, https:\/\/pointeclairerifleclub.ca\/wp-content\/uploads\/2020\/03\/IMG_7387-768x187.jpg 768w, https:\/\/pointeclairerifleclub.ca\/wp-content\/uploads\/2020\/03\/IMG_7387-1536x374.jpg 1536w, https:\/\/pointeclairerifleclub.ca\/wp-content\/uploads\/2020\/03\/IMG_7387-2048x499.jpg 2048w\" sizes=\"(max-width: 2560px) 100vw, 2560px\" \/><figcaption id=\"caption-attachment-40\" class=\"wp-caption-text\">carabine de match Anschutz 54 &#8211; Gaucher<\/figcaption><\/figure>\n<figure id=\"attachment_38\" aria-describedby=\"caption-attachment-38\" style=\"width: 2560px\" class=\"wp-caption aligncenter\"><img decoding=\"async\" class=\"size-full wp-image-38\" src=\"https:\/\/pointeclairerifleclub.ca\/wp-content\/uploads\/2020\/03\/IMG_7381-scaled.jpg\" alt=\"\" width=\"2560\" height=\"779\" srcset=\"https:\/\/pointeclairerifleclub.ca\/wp-content\/uploads\/2020\/03\/IMG_7381-scaled.jpg 2560w, https:\/\/pointeclairerifleclub.ca\/wp-content\/uploads\/2020\/03\/IMG_7381-300x91.jpg 300w, https:\/\/pointeclairerifleclub.ca\/wp-content\/uploads\/2020\/03\/IMG_7381-1024x312.jpg 1024w, https:\/\/pointeclairerifleclub.ca\/wp-content\/uploads\/2020\/03\/IMG_7381-768x234.jpg 768w, https:\/\/pointeclairerifleclub.ca\/wp-content\/uploads\/2020\/03\/IMG_7381-1536x468.jpg 1536w, https:\/\/pointeclairerifleclub.ca\/wp-content\/uploads\/2020\/03\/IMG_7381-2048x623.jpg 2048w\" sizes=\"(max-width: 2560px) 100vw, 2560px\" \/><figcaption id=\"caption-attachment-38\" class=\"wp-caption-text\">carabine de match Anschutz 54<\/figcaption><\/figure>\n<figure id=\"attachment_37\" aria-describedby=\"caption-attachment-37\" style=\"width: 2560px\" class=\"wp-caption aligncenter\"><img decoding=\"async\" class=\"size-full wp-image-37\" src=\"https:\/\/pointeclairerifleclub.ca\/wp-content\/uploads\/2020\/03\/IMG_7376-scaled.jpg\" alt=\"\" width=\"2560\" height=\"684\" srcset=\"https:\/\/pointeclairerifleclub.ca\/wp-content\/uploads\/2020\/03\/IMG_7376-scaled.jpg 2560w, https:\/\/pointeclairerifleclub.ca\/wp-content\/uploads\/2020\/03\/IMG_7376-300x80.jpg 300w, https:\/\/pointeclairerifleclub.ca\/wp-content\/uploads\/2020\/03\/IMG_7376-1024x274.jpg 1024w, https:\/\/pointeclairerifleclub.ca\/wp-content\/uploads\/2020\/03\/IMG_7376-768x205.jpg 768w, https:\/\/pointeclairerifleclub.ca\/wp-content\/uploads\/2020\/03\/IMG_7376-1536x410.jpg 1536w, https:\/\/pointeclairerifleclub.ca\/wp-content\/uploads\/2020\/03\/IMG_7376-2048x547.jpg 2048w\" sizes=\"(max-width: 2560px) 100vw, 2560px\" \/><figcaption id=\"caption-attachment-37\" class=\"wp-caption-text\">Anschutz 1403 (gaucher sur la photo, aussi disponible pour droitier.)<\/figcaption><\/figure>\n<figure id=\"attachment_36\" aria-describedby=\"caption-attachment-36\" style=\"width: 2560px\" class=\"wp-caption aligncenter\"><img decoding=\"async\" class=\"size-full wp-image-36\" src=\"https:\/\/pointeclairerifleclub.ca\/wp-content\/uploads\/2020\/03\/IMG_7375-scaled.jpg\" alt=\"\" width=\"2560\" height=\"781\" srcset=\"https:\/\/pointeclairerifleclub.ca\/wp-content\/uploads\/2020\/03\/IMG_7375-scaled.jpg 2560w, https:\/\/pointeclairerifleclub.ca\/wp-content\/uploads\/2020\/03\/IMG_7375-300x92.jpg 300w, https:\/\/pointeclairerifleclub.ca\/wp-content\/uploads\/2020\/03\/IMG_7375-1024x313.jpg 1024w, https:\/\/pointeclairerifleclub.ca\/wp-content\/uploads\/2020\/03\/IMG_7375-768x234.jpg 768w, https:\/\/pointeclairerifleclub.ca\/wp-content\/uploads\/2020\/03\/IMG_7375-1536x469.jpg 1536w, https:\/\/pointeclairerifleclub.ca\/wp-content\/uploads\/2020\/03\/IMG_7375-2048x625.jpg 2048w\" sizes=\"(max-width: 2560px) 100vw, 2560px\" \/><figcaption id=\"caption-attachment-36\" class=\"wp-caption-text\">BSA International (carabine de match). Cette carabine \u00e0 cible est tr\u00e8s lourde, pesant environ 14,5 livres.<\/figcaption><\/figure>\n","protected":false},"excerpt":{"rendered":"<p>Le club dispose de carabines de sport, de tir \u00e0 la cible, ainsi que de carabines pour gauchers et pour enfants. Voici quelques-unes des carabines du club disponibles. &nbsp; [&#8230;]<\/p>\n<p class=\"read-more-wrapper\"><a class=\"pcrc-read-more-link\" href=\"https:\/\/pointeclairerifleclub.ca\/fr\/installations\/carabine\/carabines-du-club\/\">Lire la suite<\/a><\/p>\n","protected":false},"author":1,"featured_media":0,"parent":917,"menu_order":0,"comment_status":"closed","ping_status":"closed","template":"","meta":{"footnotes":""},"class_list":["post-924","page","type-page","status-publish","hentry"],"yoast_head":"<!-- This site is optimized with the Yoast SEO plugin v27.1.1 - https:\/\/yoast.com\/product\/yoast-seo-wordpress\/ -->\n<title>Carabines du club - Club de tir Pointe-Claire<\/title>\n<meta name=\"robots\" content=\"index, follow, max-snippet:-1, max-image-preview:large, max-video-preview:-1\" \/>\n<link rel=\"canonical\" href=\"https:\/\/pointeclairerifleclub.ca\/fr\/installations\/carabine\/carabines-du-club\/\" \/>\n<meta property=\"og:locale\" content=\"fr_CA\" \/>\n<meta property=\"og:type\" content=\"article\" \/>\n<meta property=\"og:title\" content=\"Carabines du club - Club de tir Pointe-Claire\" \/>\n<meta property=\"og:description\" content=\"Le club dispose de carabines de sport, de tir \u00e0 la cible, ainsi que de carabines pour gauchers et pour enfants. Voici quelques-unes des carabines du club disponibles. &nbsp; [...]Lire la suite\" \/>\n<meta property=\"og:url\" content=\"https:\/\/pointeclairerifleclub.ca\/fr\/installations\/carabine\/carabines-du-club\/\" \/>\n<meta property=\"og:site_name\" content=\"Club de tir Pointe-Claire\" \/>\n<meta property=\"article:modified_time\" content=\"2020-04-21T17:16:29+00:00\" \/>\n<meta property=\"og:image\" content=\"https:\/\/pointeclairerifleclub.ca\/wp-content\/uploads\/2020\/03\/jr-scaled.jpg\" \/>\n<meta name=\"twitter:card\" content=\"summary_large_image\" \/>\n<meta name=\"twitter:label1\" content=\"Estimation du temps de lecture\" \/>\n\t<meta name=\"twitter:data1\" content=\"1 minute\" \/>\n<script type=\"application\/ld+json\" class=\"yoast-schema-graph\">{\"@context\":\"https:\/\/schema.org\",\"@graph\":[{\"@type\":\"WebPage\",\"@id\":\"https:\/\/pointeclairerifleclub.ca\/fr\/installations\/carabine\/carabines-du-club\/\",\"url\":\"https:\/\/pointeclairerifleclub.ca\/fr\/installations\/carabine\/carabines-du-club\/\",\"name\":\"Carabines du club - Club de tir Pointe-Claire\",\"isPartOf\":{\"@id\":\"https:\/\/pointeclairerifleclub.ca\/fr\/#website\"},\"primaryImageOfPage\":{\"@id\":\"https:\/\/pointeclairerifleclub.ca\/fr\/installations\/carabine\/carabines-du-club\/#primaryimage\"},\"image\":{\"@id\":\"https:\/\/pointeclairerifleclub.ca\/fr\/installations\/carabine\/carabines-du-club\/#primaryimage\"},\"thumbnailUrl\":\"https:\/\/pointeclairerifleclub.ca\/wp-content\/uploads\/2020\/03\/jr-scaled.jpg\",\"datePublished\":\"2020-03-02T14:41:43+00:00\",\"dateModified\":\"2020-04-21T17:16:29+00:00\",\"breadcrumb\":{\"@id\":\"https:\/\/pointeclairerifleclub.ca\/fr\/installations\/carabine\/carabines-du-club\/#breadcrumb\"},\"inLanguage\":\"fr-CA\",\"potentialAction\":[{\"@type\":\"ReadAction\",\"target\":[\"https:\/\/pointeclairerifleclub.ca\/fr\/installations\/carabine\/carabines-du-club\/\"]}]},{\"@type\":\"ImageObject\",\"inLanguage\":\"fr-CA\",\"@id\":\"https:\/\/pointeclairerifleclub.ca\/fr\/installations\/carabine\/carabines-du-club\/#primaryimage\",\"url\":\"https:\/\/pointeclairerifleclub.ca\/wp-content\/uploads\/2020\/03\/jr-scaled.jpg\",\"contentUrl\":\"https:\/\/pointeclairerifleclub.ca\/wp-content\/uploads\/2020\/03\/jr-scaled.jpg\"},{\"@type\":\"BreadcrumbList\",\"@id\":\"https:\/\/pointeclairerifleclub.ca\/fr\/installations\/carabine\/carabines-du-club\/#breadcrumb\",\"itemListElement\":[{\"@type\":\"ListItem\",\"position\":1,\"name\":\"Home\",\"item\":\"https:\/\/pointeclairerifleclub.ca\/fr\/\"},{\"@type\":\"ListItem\",\"position\":2,\"name\":\"Installations\",\"item\":\"https:\/\/pointeclairerifleclub.ca\/fr\/installations\/\"},{\"@type\":\"ListItem\",\"position\":3,\"name\":\"Carabine\",\"item\":\"https:\/\/pointeclairerifleclub.ca\/fr\/installations\/carabine\/\"},{\"@type\":\"ListItem\",\"position\":4,\"name\":\"Carabines du club\"}]},{\"@type\":\"WebSite\",\"@id\":\"https:\/\/pointeclairerifleclub.ca\/fr\/#website\",\"url\":\"https:\/\/pointeclairerifleclub.ca\/fr\/\",\"name\":\"Club de tir Pointe-Claire\",\"description\":\"\",\"publisher\":{\"@id\":\"https:\/\/pointeclairerifleclub.ca\/fr\/#organization\"},\"potentialAction\":[{\"@type\":\"SearchAction\",\"target\":{\"@type\":\"EntryPoint\",\"urlTemplate\":\"https:\/\/pointeclairerifleclub.ca\/fr\/?s={search_term_string}\"},\"query-input\":{\"@type\":\"PropertyValueSpecification\",\"valueRequired\":true,\"valueName\":\"search_term_string\"}}],\"inLanguage\":\"fr-CA\"},{\"@type\":\"Organization\",\"@id\":\"https:\/\/pointeclairerifleclub.ca\/fr\/#organization\",\"name\":\"Club de tir Pointe-Claire\",\"url\":\"https:\/\/pointeclairerifleclub.ca\/fr\/\",\"logo\":{\"@type\":\"ImageObject\",\"inLanguage\":\"fr-CA\",\"@id\":\"https:\/\/pointeclairerifleclub.ca\/fr\/#\/schema\/logo\/image\/\",\"url\":\"https:\/\/pointeclairerifleclub.ca\/wp-content\/uploads\/2020\/03\/PCRC-Logo-Banner.png\",\"contentUrl\":\"https:\/\/pointeclairerifleclub.ca\/wp-content\/uploads\/2020\/03\/PCRC-Logo-Banner.png\",\"width\":2362,\"height\":2088,\"caption\":\"Club de tir Pointe-Claire\"},\"image\":{\"@id\":\"https:\/\/pointeclairerifleclub.ca\/fr\/#\/schema\/logo\/image\/\"}}]}<\/script>\n<!-- \/ Yoast SEO plugin. -->","yoast_head_json":{"title":"Carabines du club - Club de tir Pointe-Claire","robots":{"index":"index","follow":"follow","max-snippet":"max-snippet:-1","max-image-preview":"max-image-preview:large","max-video-preview":"max-video-preview:-1"},"canonical":"https:\/\/pointeclairerifleclub.ca\/fr\/installations\/carabine\/carabines-du-club\/","og_locale":"fr_CA","og_type":"article","og_title":"Carabines du club - Club de tir Pointe-Claire","og_description":"Le club dispose de carabines de sport, de tir \u00e0 la cible, ainsi que de carabines pour gauchers et pour enfants. Voici quelques-unes des carabines du club disponibles. &nbsp; [...]Lire la suite","og_url":"https:\/\/pointeclairerifleclub.ca\/fr\/installations\/carabine\/carabines-du-club\/","og_site_name":"Club de tir Pointe-Claire","article_modified_time":"2020-04-21T17:16:29+00:00","og_image":[{"url":"https:\/\/pointeclairerifleclub.ca\/wp-content\/uploads\/2020\/03\/jr-scaled.jpg","type":"","width":"","height":""}],"twitter_card":"summary_large_image","twitter_misc":{"Estimation du temps de lecture":"1 minute"},"schema":{"@context":"https:\/\/schema.org","@graph":[{"@type":"WebPage","@id":"https:\/\/pointeclairerifleclub.ca\/fr\/installations\/carabine\/carabines-du-club\/","url":"https:\/\/pointeclairerifleclub.ca\/fr\/installations\/carabine\/carabines-du-club\/","name":"Carabines du club - Club de tir Pointe-Claire","isPartOf":{"@id":"https:\/\/pointeclairerifleclub.ca\/fr\/#website"},"primaryImageOfPage":{"@id":"https:\/\/pointeclairerifleclub.ca\/fr\/installations\/carabine\/carabines-du-club\/#primaryimage"},"image":{"@id":"https:\/\/pointeclairerifleclub.ca\/fr\/installations\/carabine\/carabines-du-club\/#primaryimage"},"thumbnailUrl":"https:\/\/pointeclairerifleclub.ca\/wp-content\/uploads\/2020\/03\/jr-scaled.jpg","datePublished":"2020-03-02T14:41:43+00:00","dateModified":"2020-04-21T17:16:29+00:00","breadcrumb":{"@id":"https:\/\/pointeclairerifleclub.ca\/fr\/installations\/carabine\/carabines-du-club\/#breadcrumb"},"inLanguage":"fr-CA","potentialAction":[{"@type":"ReadAction","target":["https:\/\/pointeclairerifleclub.ca\/fr\/installations\/carabine\/carabines-du-club\/"]}]},{"@type":"ImageObject","inLanguage":"fr-CA","@id":"https:\/\/pointeclairerifleclub.ca\/fr\/installations\/carabine\/carabines-du-club\/#primaryimage","url":"https:\/\/pointeclairerifleclub.ca\/wp-content\/uploads\/2020\/03\/jr-scaled.jpg","contentUrl":"https:\/\/pointeclairerifleclub.ca\/wp-content\/uploads\/2020\/03\/jr-scaled.jpg"},{"@type":"BreadcrumbList","@id":"https:\/\/pointeclairerifleclub.ca\/fr\/installations\/carabine\/carabines-du-club\/#breadcrumb","itemListElement":[{"@type":"ListItem","position":1,"name":"Home","item":"https:\/\/pointeclairerifleclub.ca\/fr\/"},{"@type":"ListItem","position":2,"name":"Installations","item":"https:\/\/pointeclairerifleclub.ca\/fr\/installations\/"},{"@type":"ListItem","position":3,"name":"Carabine","item":"https:\/\/pointeclairerifleclub.ca\/fr\/installations\/carabine\/"},{"@type":"ListItem","position":4,"name":"Carabines du club"}]},{"@type":"WebSite","@id":"https:\/\/pointeclairerifleclub.ca\/fr\/#website","url":"https:\/\/pointeclairerifleclub.ca\/fr\/","name":"Club de tir Pointe-Claire","description":"","publisher":{"@id":"https:\/\/pointeclairerifleclub.ca\/fr\/#organization"},"potentialAction":[{"@type":"SearchAction","target":{"@type":"EntryPoint","urlTemplate":"https:\/\/pointeclairerifleclub.ca\/fr\/?s={search_term_string}"},"query-input":{"@type":"PropertyValueSpecification","valueRequired":true,"valueName":"search_term_string"}}],"inLanguage":"fr-CA"},{"@type":"Organization","@id":"https:\/\/pointeclairerifleclub.ca\/fr\/#organization","name":"Club de tir Pointe-Claire","url":"https:\/\/pointeclairerifleclub.ca\/fr\/","logo":{"@type":"ImageObject","inLanguage":"fr-CA","@id":"https:\/\/pointeclairerifleclub.ca\/fr\/#\/schema\/logo\/image\/","url":"https:\/\/pointeclairerifleclub.ca\/wp-content\/uploads\/2020\/03\/PCRC-Logo-Banner.png","contentUrl":"https:\/\/pointeclairerifleclub.ca\/wp-content\/uploads\/2020\/03\/PCRC-Logo-Banner.png","width":2362,"height":2088,"caption":"Club de tir Pointe-Claire"},"image":{"@id":"https:\/\/pointeclairerifleclub.ca\/fr\/#\/schema\/logo\/image\/"}}]}},"_links":{"self":[{"href":"https:\/\/pointeclairerifleclub.ca\/fr\/wp-json\/wp\/v2\/pages\/924","targetHints":{"allow":["GET"]}}],"collection":[{"href":"https:\/\/pointeclairerifleclub.ca\/fr\/wp-json\/wp\/v2\/pages"}],"about":[{"href":"https:\/\/pointeclairerifleclub.ca\/fr\/wp-json\/wp\/v2\/types\/page"}],"author":[{"embeddable":true,"href":"https:\/\/pointeclairerifleclub.ca\/fr\/wp-json\/wp\/v2\/users\/1"}],"replies":[{"embeddable":true,"href":"https:\/\/pointeclairerifleclub.ca\/fr\/wp-json\/wp\/v2\/comments?post=924"}],"version-history":[{"count":0,"href":"https:\/\/pointeclairerifleclub.ca\/fr\/wp-json\/wp\/v2\/pages\/924\/revisions"}],"up":[{"embeddable":true,"href":"https:\/\/pointeclairerifleclub.ca\/fr\/wp-json\/wp\/v2\/pages\/917"}],"wp:attachment":[{"href":"https:\/\/pointeclairerifleclub.ca\/fr\/wp-json\/wp\/v2\/media?parent=924"}],"curies":[{"name":"wp","href":"https:\/\/api.w.org\/{rel}","templated":true}]}}