{"id":906,"date":"2020-03-10T15:28:01","date_gmt":"2020-03-10T15:28:01","guid":{"rendered":"https:\/\/pointeclairerifleclub.ca\/facilities\/air-range\/club-air-rifles-and-air-pistols\/"},"modified":"2020-04-21T17:19:35","modified_gmt":"2020-04-21T17:19:35","slug":"carabine-a-air-comprime-et-pistolets-a-air-comprime-du-club","status":"publish","type":"page","link":"https:\/\/pointeclairerifleclub.ca\/fr\/installations\/salle-de-tir-a-air-comprime\/carabine-a-air-comprime-et-pistolets-a-air-comprime-du-club\/","title":{"rendered":"Carabine \u00e0 air comprim\u00e9 et pistolets \u00e0 air comprim\u00e9 du club"},"content":{"rendered":"<figure id=\"attachment_47\" aria-describedby=\"caption-attachment-47\" style=\"width: 2560px\" class=\"wp-caption aligncenter\"><img decoding=\"async\" class=\"wp-image-47 size-full\" src=\"https:\/\/pointeclairerifleclub.ca\/wp-content\/uploads\/2020\/03\/IMG_7409-scaled.jpg\" alt=\"\" width=\"2560\" height=\"697\" srcset=\"https:\/\/pointeclairerifleclub.ca\/wp-content\/uploads\/2020\/03\/IMG_7409-scaled.jpg 2560w, https:\/\/pointeclairerifleclub.ca\/wp-content\/uploads\/2020\/03\/IMG_7409-300x82.jpg 300w, https:\/\/pointeclairerifleclub.ca\/wp-content\/uploads\/2020\/03\/IMG_7409-1024x279.jpg 1024w, https:\/\/pointeclairerifleclub.ca\/wp-content\/uploads\/2020\/03\/IMG_7409-768x209.jpg 768w, https:\/\/pointeclairerifleclub.ca\/wp-content\/uploads\/2020\/03\/IMG_7409-1536x418.jpg 1536w, https:\/\/pointeclairerifleclub.ca\/wp-content\/uploads\/2020\/03\/IMG_7409-2048x558.jpg 2048w\" sizes=\"(max-width: 2560px) 100vw, 2560px\" \/><figcaption id=\"caption-attachment-47\" class=\"wp-caption-text\">Avanti 853C<\/figcaption><\/figure>\n<figure id=\"attachment_46\" aria-describedby=\"caption-attachment-46\" style=\"width: 2560px\" class=\"wp-caption aligncenter\"><img decoding=\"async\" class=\"wp-image-46 size-full\" src=\"https:\/\/pointeclairerifleclub.ca\/wp-content\/uploads\/2020\/03\/IMG_7403-scaled.jpg\" alt=\"\" width=\"2560\" height=\"684\" srcset=\"https:\/\/pointeclairerifleclub.ca\/wp-content\/uploads\/2020\/03\/IMG_7403-scaled.jpg 2560w, https:\/\/pointeclairerifleclub.ca\/wp-content\/uploads\/2020\/03\/IMG_7403-300x80.jpg 300w, https:\/\/pointeclairerifleclub.ca\/wp-content\/uploads\/2020\/03\/IMG_7403-1024x274.jpg 1024w, https:\/\/pointeclairerifleclub.ca\/wp-content\/uploads\/2020\/03\/IMG_7403-768x205.jpg 768w, https:\/\/pointeclairerifleclub.ca\/wp-content\/uploads\/2020\/03\/IMG_7403-1536x410.jpg 1536w, https:\/\/pointeclairerifleclub.ca\/wp-content\/uploads\/2020\/03\/IMG_7403-2048x547.jpg 2048w\" sizes=\"(max-width: 2560px) 100vw, 2560px\" \/><figcaption id=\"caption-attachment-46\" class=\"wp-caption-text\">Walther LG90<\/figcaption><\/figure>\n<figure id=\"attachment_45\" aria-describedby=\"caption-attachment-45\" style=\"width: 2560px\" class=\"wp-caption aligncenter\"><img decoding=\"async\" class=\"wp-image-45 size-full\" src=\"https:\/\/pointeclairerifleclub.ca\/wp-content\/uploads\/2020\/03\/IMG_7402-scaled.jpg\" alt=\"\" width=\"2560\" height=\"739\" srcset=\"https:\/\/pointeclairerifleclub.ca\/wp-content\/uploads\/2020\/03\/IMG_7402-scaled.jpg 2560w, https:\/\/pointeclairerifleclub.ca\/wp-content\/uploads\/2020\/03\/IMG_7402-300x87.jpg 300w, https:\/\/pointeclairerifleclub.ca\/wp-content\/uploads\/2020\/03\/IMG_7402-1024x295.jpg 1024w, https:\/\/pointeclairerifleclub.ca\/wp-content\/uploads\/2020\/03\/IMG_7402-768x222.jpg 768w, https:\/\/pointeclairerifleclub.ca\/wp-content\/uploads\/2020\/03\/IMG_7402-1536x443.jpg 1536w, https:\/\/pointeclairerifleclub.ca\/wp-content\/uploads\/2020\/03\/IMG_7402-2048x591.jpg 2048w\" sizes=\"(max-width: 2560px) 100vw, 2560px\" \/><figcaption id=\"caption-attachment-45\" class=\"wp-caption-text\">Feinwerkbau 601<\/figcaption><\/figure>\n<figure id=\"attachment_44\" aria-describedby=\"caption-attachment-44\" style=\"width: 2560px\" class=\"wp-caption aligncenter\"><img decoding=\"async\" class=\"wp-image-44 size-full\" src=\"https:\/\/pointeclairerifleclub.ca\/wp-content\/uploads\/2020\/03\/IMG_7401-scaled.jpg\" alt=\"\" width=\"2560\" height=\"849\" srcset=\"https:\/\/pointeclairerifleclub.ca\/wp-content\/uploads\/2020\/03\/IMG_7401-scaled.jpg 2560w, https:\/\/pointeclairerifleclub.ca\/wp-content\/uploads\/2020\/03\/IMG_7401-300x100.jpg 300w, https:\/\/pointeclairerifleclub.ca\/wp-content\/uploads\/2020\/03\/IMG_7401-1024x340.jpg 1024w, https:\/\/pointeclairerifleclub.ca\/wp-content\/uploads\/2020\/03\/IMG_7401-768x255.jpg 768w, https:\/\/pointeclairerifleclub.ca\/wp-content\/uploads\/2020\/03\/IMG_7401-1536x510.jpg 1536w, https:\/\/pointeclairerifleclub.ca\/wp-content\/uploads\/2020\/03\/IMG_7401-2048x680.jpg 2048w\" sizes=\"(max-width: 2560px) 100vw, 2560px\" \/><figcaption id=\"caption-attachment-44\" class=\"wp-caption-text\">Feinwerkbau 601 &amp; 602<\/figcaption><\/figure>\n<figure id=\"attachment_20\" aria-describedby=\"caption-attachment-20\" style=\"width: 2560px\" class=\"wp-caption aligncenter\"><img decoding=\"async\" class=\"wp-image-20 size-full\" src=\"https:\/\/pointeclairerifleclub.ca\/wp-content\/uploads\/2020\/03\/IMG_7235-scaled.jpg\" alt=\"\" width=\"2560\" height=\"1451\" srcset=\"https:\/\/pointeclairerifleclub.ca\/wp-content\/uploads\/2020\/03\/IMG_7235-scaled.jpg 2560w, https:\/\/pointeclairerifleclub.ca\/wp-content\/uploads\/2020\/03\/IMG_7235-300x170.jpg 300w, https:\/\/pointeclairerifleclub.ca\/wp-content\/uploads\/2020\/03\/IMG_7235-1024x580.jpg 1024w, https:\/\/pointeclairerifleclub.ca\/wp-content\/uploads\/2020\/03\/IMG_7235-768x435.jpg 768w, https:\/\/pointeclairerifleclub.ca\/wp-content\/uploads\/2020\/03\/IMG_7235-1536x871.jpg 1536w, https:\/\/pointeclairerifleclub.ca\/wp-content\/uploads\/2020\/03\/IMG_7235-2048x1161.jpg 2048w\" sizes=\"(max-width: 2560px) 100vw, 2560px\" \/><figcaption id=\"caption-attachment-20\" class=\"wp-caption-text\">Diana 5G<\/figcaption><\/figure>\n<figure id=\"attachment_19\" aria-describedby=\"caption-attachment-19\" style=\"width: 2560px\" class=\"wp-caption aligncenter\"><img decoding=\"async\" class=\"wp-image-19 size-full\" src=\"https:\/\/pointeclairerifleclub.ca\/wp-content\/uploads\/2020\/03\/IMG_7218-scaled.jpg\" alt=\"\" width=\"2560\" height=\"1646\" srcset=\"https:\/\/pointeclairerifleclub.ca\/wp-content\/uploads\/2020\/03\/IMG_7218-scaled.jpg 2560w, https:\/\/pointeclairerifleclub.ca\/wp-content\/uploads\/2020\/03\/IMG_7218-300x193.jpg 300w, https:\/\/pointeclairerifleclub.ca\/wp-content\/uploads\/2020\/03\/IMG_7218-1024x659.jpg 1024w, https:\/\/pointeclairerifleclub.ca\/wp-content\/uploads\/2020\/03\/IMG_7218-768x494.jpg 768w, https:\/\/pointeclairerifleclub.ca\/wp-content\/uploads\/2020\/03\/IMG_7218-1536x988.jpg 1536w, https:\/\/pointeclairerifleclub.ca\/wp-content\/uploads\/2020\/03\/IMG_7218-2048x1317.jpg 2048w\" sizes=\"(max-width: 2560px) 100vw, 2560px\" \/><figcaption id=\"caption-attachment-19\" class=\"wp-caption-text\">Walther LP53<\/figcaption><\/figure>\n","protected":false},"excerpt":{"rendered":"<p> [&#8230;]<\/p>\n<p class=\"read-more-wrapper\"><a class=\"pcrc-read-more-link\" href=\"https:\/\/pointeclairerifleclub.ca\/fr\/installations\/salle-de-tir-a-air-comprime\/carabine-a-air-comprime-et-pistolets-a-air-comprime-du-club\/\">Lire la suite<\/a><\/p>\n","protected":false},"author":1,"featured_media":908,"parent":897,"menu_order":0,"comment_status":"closed","ping_status":"closed","template":"","meta":{"footnotes":""},"class_list":["post-906","page","type-page","status-publish","has-post-thumbnail","hentry"],"yoast_head":"<!-- This site is optimized with the Yoast SEO plugin v27.5 - https:\/\/yoast.com\/product\/yoast-seo-wordpress\/ -->\n<title>Carabine \u00e0 air comprim\u00e9 et pistolets \u00e0 air comprim\u00e9 du club - Club de tir Pointe-Claire<\/title>\n<meta name=\"robots\" content=\"index, follow, max-snippet:-1, max-image-preview:large, max-video-preview:-1\" \/>\n<link rel=\"canonical\" href=\"https:\/\/pointeclairerifleclub.ca\/fr\/installations\/salle-de-tir-a-air-comprime\/carabine-a-air-comprime-et-pistolets-a-air-comprime-du-club\/\" \/>\n<meta property=\"og:locale\" content=\"fr_CA\" \/>\n<meta property=\"og:type\" content=\"article\" \/>\n<meta property=\"og:title\" content=\"Carabine \u00e0 air comprim\u00e9 et pistolets \u00e0 air comprim\u00e9 du club - Club de tir Pointe-Claire\" \/>\n<meta property=\"og:description\" content=\"[...]Lire la suite\" \/>\n<meta property=\"og:url\" content=\"https:\/\/pointeclairerifleclub.ca\/fr\/installations\/salle-de-tir-a-air-comprime\/carabine-a-air-comprime-et-pistolets-a-air-comprime-du-club\/\" \/>\n<meta property=\"og:site_name\" content=\"Club de tir Pointe-Claire\" \/>\n<meta property=\"article:modified_time\" content=\"2020-04-21T17:19:35+00:00\" \/>\n<meta property=\"og:image\" content=\"https:\/\/pointeclairerifleclub.ca\/wp-content\/uploads\/2020\/03\/IMG_7319-scaled.jpg\" \/>\n\t<meta property=\"og:image:width\" content=\"2560\" \/>\n\t<meta property=\"og:image:height\" content=\"1707\" \/>\n\t<meta property=\"og:image:type\" content=\"image\/jpeg\" \/>\n<meta name=\"twitter:card\" content=\"summary_large_image\" \/>\n<script type=\"application\/ld+json\" class=\"yoast-schema-graph\">{\"@context\":\"https:\\\/\\\/schema.org\",\"@graph\":[{\"@type\":\"WebPage\",\"@id\":\"https:\\\/\\\/pointeclairerifleclub.ca\\\/fr\\\/installations\\\/salle-de-tir-a-air-comprime\\\/carabine-a-air-comprime-et-pistolets-a-air-comprime-du-club\\\/\",\"url\":\"https:\\\/\\\/pointeclairerifleclub.ca\\\/fr\\\/installations\\\/salle-de-tir-a-air-comprime\\\/carabine-a-air-comprime-et-pistolets-a-air-comprime-du-club\\\/\",\"name\":\"Carabine \u00e0 air comprim\u00e9 et pistolets \u00e0 air comprim\u00e9 du club - Club de tir Pointe-Claire\",\"isPartOf\":{\"@id\":\"https:\\\/\\\/pointeclairerifleclub.ca\\\/fr\\\/#website\"},\"primaryImageOfPage\":{\"@id\":\"https:\\\/\\\/pointeclairerifleclub.ca\\\/fr\\\/installations\\\/salle-de-tir-a-air-comprime\\\/carabine-a-air-comprime-et-pistolets-a-air-comprime-du-club\\\/#primaryimage\"},\"image\":{\"@id\":\"https:\\\/\\\/pointeclairerifleclub.ca\\\/fr\\\/installations\\\/salle-de-tir-a-air-comprime\\\/carabine-a-air-comprime-et-pistolets-a-air-comprime-du-club\\\/#primaryimage\"},\"thumbnailUrl\":\"https:\\\/\\\/pointeclairerifleclub.ca\\\/wp-content\\\/uploads\\\/2020\\\/03\\\/IMG_7319-scaled.jpg\",\"datePublished\":\"2020-03-10T15:28:01+00:00\",\"dateModified\":\"2020-04-21T17:19:35+00:00\",\"breadcrumb\":{\"@id\":\"https:\\\/\\\/pointeclairerifleclub.ca\\\/fr\\\/installations\\\/salle-de-tir-a-air-comprime\\\/carabine-a-air-comprime-et-pistolets-a-air-comprime-du-club\\\/#breadcrumb\"},\"inLanguage\":\"fr-CA\",\"potentialAction\":[{\"@type\":\"ReadAction\",\"target\":[\"https:\\\/\\\/pointeclairerifleclub.ca\\\/fr\\\/installations\\\/salle-de-tir-a-air-comprime\\\/carabine-a-air-comprime-et-pistolets-a-air-comprime-du-club\\\/\"]}]},{\"@type\":\"ImageObject\",\"inLanguage\":\"fr-CA\",\"@id\":\"https:\\\/\\\/pointeclairerifleclub.ca\\\/fr\\\/installations\\\/salle-de-tir-a-air-comprime\\\/carabine-a-air-comprime-et-pistolets-a-air-comprime-du-club\\\/#primaryimage\",\"url\":\"https:\\\/\\\/pointeclairerifleclub.ca\\\/wp-content\\\/uploads\\\/2020\\\/03\\\/IMG_7319-scaled.jpg\",\"contentUrl\":\"https:\\\/\\\/pointeclairerifleclub.ca\\\/wp-content\\\/uploads\\\/2020\\\/03\\\/IMG_7319-scaled.jpg\",\"width\":2560,\"height\":1707},{\"@type\":\"BreadcrumbList\",\"@id\":\"https:\\\/\\\/pointeclairerifleclub.ca\\\/fr\\\/installations\\\/salle-de-tir-a-air-comprime\\\/carabine-a-air-comprime-et-pistolets-a-air-comprime-du-club\\\/#breadcrumb\",\"itemListElement\":[{\"@type\":\"ListItem\",\"position\":1,\"name\":\"Home\",\"item\":\"https:\\\/\\\/pointeclairerifleclub.ca\\\/fr\\\/\"},{\"@type\":\"ListItem\",\"position\":2,\"name\":\"Installations\",\"item\":\"https:\\\/\\\/pointeclairerifleclub.ca\\\/fr\\\/installations\\\/\"},{\"@type\":\"ListItem\",\"position\":3,\"name\":\"Salle de tir \u00e0 air comprim\u00e9\",\"item\":\"https:\\\/\\\/pointeclairerifleclub.ca\\\/fr\\\/installations\\\/salle-de-tir-a-air-comprime\\\/\"},{\"@type\":\"ListItem\",\"position\":4,\"name\":\"Carabine \u00e0 air comprim\u00e9 et pistolets \u00e0 air comprim\u00e9 du club\"}]},{\"@type\":\"WebSite\",\"@id\":\"https:\\\/\\\/pointeclairerifleclub.ca\\\/fr\\\/#website\",\"url\":\"https:\\\/\\\/pointeclairerifleclub.ca\\\/fr\\\/\",\"name\":\"Club de tir Pointe-Claire\",\"description\":\"\",\"publisher\":{\"@id\":\"https:\\\/\\\/pointeclairerifleclub.ca\\\/fr\\\/#organization\"},\"potentialAction\":[{\"@type\":\"SearchAction\",\"target\":{\"@type\":\"EntryPoint\",\"urlTemplate\":\"https:\\\/\\\/pointeclairerifleclub.ca\\\/fr\\\/?s={search_term_string}\"},\"query-input\":{\"@type\":\"PropertyValueSpecification\",\"valueRequired\":true,\"valueName\":\"search_term_string\"}}],\"inLanguage\":\"fr-CA\"},{\"@type\":\"Organization\",\"@id\":\"https:\\\/\\\/pointeclairerifleclub.ca\\\/fr\\\/#organization\",\"name\":\"Club de tir Pointe-Claire\",\"url\":\"https:\\\/\\\/pointeclairerifleclub.ca\\\/fr\\\/\",\"logo\":{\"@type\":\"ImageObject\",\"inLanguage\":\"fr-CA\",\"@id\":\"https:\\\/\\\/pointeclairerifleclub.ca\\\/fr\\\/#\\\/schema\\\/logo\\\/image\\\/\",\"url\":\"https:\\\/\\\/pointeclairerifleclub.ca\\\/wp-content\\\/uploads\\\/2020\\\/03\\\/PCRC-Logo-Banner.png\",\"contentUrl\":\"https:\\\/\\\/pointeclairerifleclub.ca\\\/wp-content\\\/uploads\\\/2020\\\/03\\\/PCRC-Logo-Banner.png\",\"width\":2362,\"height\":2088,\"caption\":\"Club de tir Pointe-Claire\"},\"image\":{\"@id\":\"https:\\\/\\\/pointeclairerifleclub.ca\\\/fr\\\/#\\\/schema\\\/logo\\\/image\\\/\"}}]}<\/script>\n<!-- \/ Yoast SEO plugin. -->","yoast_head_json":{"title":"Carabine \u00e0 air comprim\u00e9 et pistolets \u00e0 air comprim\u00e9 du club - Club de tir Pointe-Claire","robots":{"index":"index","follow":"follow","max-snippet":"max-snippet:-1","max-image-preview":"max-image-preview:large","max-video-preview":"max-video-preview:-1"},"canonical":"https:\/\/pointeclairerifleclub.ca\/fr\/installations\/salle-de-tir-a-air-comprime\/carabine-a-air-comprime-et-pistolets-a-air-comprime-du-club\/","og_locale":"fr_CA","og_type":"article","og_title":"Carabine \u00e0 air comprim\u00e9 et pistolets \u00e0 air comprim\u00e9 du club - Club de tir Pointe-Claire","og_description":"[...]Lire la suite","og_url":"https:\/\/pointeclairerifleclub.ca\/fr\/installations\/salle-de-tir-a-air-comprime\/carabine-a-air-comprime-et-pistolets-a-air-comprime-du-club\/","og_site_name":"Club de tir Pointe-Claire","article_modified_time":"2020-04-21T17:19:35+00:00","og_image":[{"width":2560,"height":1707,"url":"https:\/\/pointeclairerifleclub.ca\/wp-content\/uploads\/2020\/03\/IMG_7319-scaled.jpg","type":"image\/jpeg"}],"twitter_card":"summary_large_image","schema":{"@context":"https:\/\/schema.org","@graph":[{"@type":"WebPage","@id":"https:\/\/pointeclairerifleclub.ca\/fr\/installations\/salle-de-tir-a-air-comprime\/carabine-a-air-comprime-et-pistolets-a-air-comprime-du-club\/","url":"https:\/\/pointeclairerifleclub.ca\/fr\/installations\/salle-de-tir-a-air-comprime\/carabine-a-air-comprime-et-pistolets-a-air-comprime-du-club\/","name":"Carabine \u00e0 air comprim\u00e9 et pistolets \u00e0 air comprim\u00e9 du club - Club de tir Pointe-Claire","isPartOf":{"@id":"https:\/\/pointeclairerifleclub.ca\/fr\/#website"},"primaryImageOfPage":{"@id":"https:\/\/pointeclairerifleclub.ca\/fr\/installations\/salle-de-tir-a-air-comprime\/carabine-a-air-comprime-et-pistolets-a-air-comprime-du-club\/#primaryimage"},"image":{"@id":"https:\/\/pointeclairerifleclub.ca\/fr\/installations\/salle-de-tir-a-air-comprime\/carabine-a-air-comprime-et-pistolets-a-air-comprime-du-club\/#primaryimage"},"thumbnailUrl":"https:\/\/pointeclairerifleclub.ca\/wp-content\/uploads\/2020\/03\/IMG_7319-scaled.jpg","datePublished":"2020-03-10T15:28:01+00:00","dateModified":"2020-04-21T17:19:35+00:00","breadcrumb":{"@id":"https:\/\/pointeclairerifleclub.ca\/fr\/installations\/salle-de-tir-a-air-comprime\/carabine-a-air-comprime-et-pistolets-a-air-comprime-du-club\/#breadcrumb"},"inLanguage":"fr-CA","potentialAction":[{"@type":"ReadAction","target":["https:\/\/pointeclairerifleclub.ca\/fr\/installations\/salle-de-tir-a-air-comprime\/carabine-a-air-comprime-et-pistolets-a-air-comprime-du-club\/"]}]},{"@type":"ImageObject","inLanguage":"fr-CA","@id":"https:\/\/pointeclairerifleclub.ca\/fr\/installations\/salle-de-tir-a-air-comprime\/carabine-a-air-comprime-et-pistolets-a-air-comprime-du-club\/#primaryimage","url":"https:\/\/pointeclairerifleclub.ca\/wp-content\/uploads\/2020\/03\/IMG_7319-scaled.jpg","contentUrl":"https:\/\/pointeclairerifleclub.ca\/wp-content\/uploads\/2020\/03\/IMG_7319-scaled.jpg","width":2560,"height":1707},{"@type":"BreadcrumbList","@id":"https:\/\/pointeclairerifleclub.ca\/fr\/installations\/salle-de-tir-a-air-comprime\/carabine-a-air-comprime-et-pistolets-a-air-comprime-du-club\/#breadcrumb","itemListElement":[{"@type":"ListItem","position":1,"name":"Home","item":"https:\/\/pointeclairerifleclub.ca\/fr\/"},{"@type":"ListItem","position":2,"name":"Installations","item":"https:\/\/pointeclairerifleclub.ca\/fr\/installations\/"},{"@type":"ListItem","position":3,"name":"Salle de tir \u00e0 air comprim\u00e9","item":"https:\/\/pointeclairerifleclub.ca\/fr\/installations\/salle-de-tir-a-air-comprime\/"},{"@type":"ListItem","position":4,"name":"Carabine \u00e0 air comprim\u00e9 et pistolets \u00e0 air comprim\u00e9 du club"}]},{"@type":"WebSite","@id":"https:\/\/pointeclairerifleclub.ca\/fr\/#website","url":"https:\/\/pointeclairerifleclub.ca\/fr\/","name":"Club de tir Pointe-Claire","description":"","publisher":{"@id":"https:\/\/pointeclairerifleclub.ca\/fr\/#organization"},"potentialAction":[{"@type":"SearchAction","target":{"@type":"EntryPoint","urlTemplate":"https:\/\/pointeclairerifleclub.ca\/fr\/?s={search_term_string}"},"query-input":{"@type":"PropertyValueSpecification","valueRequired":true,"valueName":"search_term_string"}}],"inLanguage":"fr-CA"},{"@type":"Organization","@id":"https:\/\/pointeclairerifleclub.ca\/fr\/#organization","name":"Club de tir Pointe-Claire","url":"https:\/\/pointeclairerifleclub.ca\/fr\/","logo":{"@type":"ImageObject","inLanguage":"fr-CA","@id":"https:\/\/pointeclairerifleclub.ca\/fr\/#\/schema\/logo\/image\/","url":"https:\/\/pointeclairerifleclub.ca\/wp-content\/uploads\/2020\/03\/PCRC-Logo-Banner.png","contentUrl":"https:\/\/pointeclairerifleclub.ca\/wp-content\/uploads\/2020\/03\/PCRC-Logo-Banner.png","width":2362,"height":2088,"caption":"Club de tir Pointe-Claire"},"image":{"@id":"https:\/\/pointeclairerifleclub.ca\/fr\/#\/schema\/logo\/image\/"}}]}},"_links":{"self":[{"href":"https:\/\/pointeclairerifleclub.ca\/fr\/wp-json\/wp\/v2\/pages\/906","targetHints":{"allow":["GET"]}}],"collection":[{"href":"https:\/\/pointeclairerifleclub.ca\/fr\/wp-json\/wp\/v2\/pages"}],"about":[{"href":"https:\/\/pointeclairerifleclub.ca\/fr\/wp-json\/wp\/v2\/types\/page"}],"author":[{"embeddable":true,"href":"https:\/\/pointeclairerifleclub.ca\/fr\/wp-json\/wp\/v2\/users\/1"}],"replies":[{"embeddable":true,"href":"https:\/\/pointeclairerifleclub.ca\/fr\/wp-json\/wp\/v2\/comments?post=906"}],"version-history":[{"count":0,"href":"https:\/\/pointeclairerifleclub.ca\/fr\/wp-json\/wp\/v2\/pages\/906\/revisions"}],"up":[{"embeddable":true,"href":"https:\/\/pointeclairerifleclub.ca\/fr\/wp-json\/wp\/v2\/pages\/897"}],"wp:featuredmedia":[{"embeddable":true,"href":"https:\/\/pointeclairerifleclub.ca\/fr\/wp-json\/wp\/v2\/media\/908"}],"wp:attachment":[{"href":"https:\/\/pointeclairerifleclub.ca\/fr\/wp-json\/wp\/v2\/media?parent=906"}],"curies":[{"name":"wp","href":"https:\/\/api.w.org\/{rel}","templated":true}]}}