{"id":869,"date":"2020-03-30T23:09:02","date_gmt":"2020-03-30T23:09:02","guid":{"rendered":"https:\/\/pointeclairerifleclub.ca\/about-pointe-claire-rifle-club\/classification\/"},"modified":"2020-04-21T17:05:57","modified_gmt":"2020-04-21T17:05:57","slug":"classement","status":"publish","type":"page","link":"https:\/\/pointeclairerifleclub.ca\/fr\/a-propos-du-club-de-tir-pointe-claire\/classement\/","title":{"rendered":"Classement"},"content":{"rendered":"<p>Les insignes de classement seront attribu\u00e9s \u00e0 tout moment aux membres qui soumettent deux cibles du type appropri\u00e9 qui ont \u00e9t\u00e9 constat\u00e9es. Les cibles doivent \u00eatre sign\u00e9es par l&rsquo;officiel de tir avant le tir et apr\u00e8s que les cibles aient \u00e9t\u00e9 tir\u00e9es et not\u00e9es selon les r\u00e8glements des comp\u00e9titions du club.<\/p>\n<p><img decoding=\"async\" class=\"aligncenter wp-image-819\" src=\"https:\/\/pointeclairerifleclub.ca\/wp-content\/uploads\/2020\/03\/Pins-1024x350.jpg\" alt=\"\" width=\"1100\" height=\"376\" srcset=\"https:\/\/pointeclairerifleclub.ca\/wp-content\/uploads\/2020\/03\/Pins-1024x350.jpg 1024w, https:\/\/pointeclairerifleclub.ca\/wp-content\/uploads\/2020\/03\/Pins-300x103.jpg 300w, https:\/\/pointeclairerifleclub.ca\/wp-content\/uploads\/2020\/03\/Pins-768x263.jpg 768w, https:\/\/pointeclairerifleclub.ca\/wp-content\/uploads\/2020\/03\/Pins-1536x525.jpg 1536w, https:\/\/pointeclairerifleclub.ca\/wp-content\/uploads\/2020\/03\/Pins-2048x700.jpg 2048w\" sizes=\"(max-width: 1100px) 100vw, 1100px\" \/><\/p>\n<p>Ce programme de r\u00e9compense est con\u00e7u pour permettre aux membres de participer \u00e0 des comp\u00e9titions dans une cat\u00e9gorie de leur niveau de tir. Au fur et \u00e0 mesure que leurs pointages s&rsquo;am\u00e9liorent, la classification la plus \u00e9lev\u00e9e leur sera attribu\u00e9e.<\/p>\n<ol>\n<li>Les nouveaux membres et les tireurs sans classement comp\u00e9titionneront comme non-class\u00e9s et recevront un classement de cette comp\u00e9tition de tir\u2009;<\/li>\n<li>Trois tireurs devront constituer une cat\u00e9gorie de classe pour les comp\u00e9titions. S&rsquo;ils sont moins de trois, ils devront comp\u00e9titionner dans la classe sup\u00e9rieure suivante\u2009;<\/li>\n<li>Le classement d&rsquo;un tireur sera revu apr\u00e8s chaque comp\u00e9tition. Le tireur peut monter d&rsquo;une classe, mais ne peut \u00eatre reclass\u00e9 dans une classe inf\u00e9rieure en raison d&rsquo;un score inf\u00e9rieur dans une \u00e9preuve.<\/li>\n<\/ol>\n<p>On recommande aux membres de noter leurs cibles d&rsquo;entra\u00eenement et d\u2019essayer d&rsquo;obtenir des <a href=\"https:\/\/pointeclairerifleclub.ca\/fr\/a-propos-du-club-de-tir-pointe-claire\/programme-de-recompenses-pour-les-cibles\/\">badges<\/a>.<\/p>\n","protected":false},"excerpt":{"rendered":"<p>Les insignes de classement seront attribu\u00e9s \u00e0 tout moment aux membres qui soumettent deux cibles du type appropri\u00e9 qui ont \u00e9t\u00e9 constat\u00e9es. Les cibles doivent \u00eatre sign\u00e9es par l&rsquo;officiel de tir avant le tir et apr\u00e8s que les cibles aient \u00e9t\u00e9 tir\u00e9es et not\u00e9es selon les r\u00e8glements des comp\u00e9titions du club. Ce programme de r\u00e9compense [&#8230;]<\/p>\n<p class=\"read-more-wrapper\"><a class=\"pcrc-read-more-link\" href=\"https:\/\/pointeclairerifleclub.ca\/fr\/a-propos-du-club-de-tir-pointe-claire\/classement\/\">Lire la suite<\/a><\/p>\n","protected":false},"author":1,"featured_media":838,"parent":856,"menu_order":0,"comment_status":"closed","ping_status":"closed","template":"","meta":{"footnotes":""},"class_list":["post-869","page","type-page","status-publish","has-post-thumbnail","hentry"],"yoast_head":"<!-- This site is optimized with the Yoast SEO plugin v27.1.1 - https:\/\/yoast.com\/product\/yoast-seo-wordpress\/ -->\n<title>Classement - Club de tir Pointe-Claire<\/title>\n<meta name=\"robots\" content=\"index, follow, max-snippet:-1, max-image-preview:large, max-video-preview:-1\" \/>\n<link rel=\"canonical\" href=\"https:\/\/pointeclairerifleclub.ca\/fr\/a-propos-du-club-de-tir-pointe-claire\/classement\/\" \/>\n<meta property=\"og:locale\" content=\"fr_CA\" \/>\n<meta property=\"og:type\" content=\"article\" \/>\n<meta property=\"og:title\" content=\"Classement - Club de tir Pointe-Claire\" \/>\n<meta property=\"og:description\" content=\"Les insignes de classement seront attribu\u00e9s \u00e0 tout moment aux membres qui soumettent deux cibles du type appropri\u00e9 qui ont \u00e9t\u00e9 constat\u00e9es. Les cibles doivent \u00eatre sign\u00e9es par l&rsquo;officiel de tir avant le tir et apr\u00e8s que les cibles aient \u00e9t\u00e9 tir\u00e9es et not\u00e9es selon les r\u00e8glements des comp\u00e9titions du club. Ce programme de r\u00e9compense [...]Lire la suite\" \/>\n<meta property=\"og:url\" content=\"https:\/\/pointeclairerifleclub.ca\/fr\/a-propos-du-club-de-tir-pointe-claire\/classement\/\" \/>\n<meta property=\"og:site_name\" content=\"Club de tir Pointe-Claire\" \/>\n<meta property=\"article:modified_time\" content=\"2020-04-21T17:05:57+00:00\" \/>\n<meta property=\"og:image\" content=\"https:\/\/pointeclairerifleclub.ca\/wp-content\/uploads\/2020\/03\/IMG_7306-scaled.jpg\" \/>\n\t<meta property=\"og:image:width\" content=\"2560\" \/>\n\t<meta property=\"og:image:height\" content=\"1707\" \/>\n\t<meta property=\"og:image:type\" content=\"image\/jpeg\" \/>\n<meta name=\"twitter:card\" content=\"summary_large_image\" \/>\n<meta name=\"twitter:label1\" content=\"Estimation du temps de lecture\" \/>\n\t<meta name=\"twitter:data1\" content=\"1 minute\" \/>\n<script type=\"application\/ld+json\" class=\"yoast-schema-graph\">{\"@context\":\"https:\/\/schema.org\",\"@graph\":[{\"@type\":\"WebPage\",\"@id\":\"https:\/\/pointeclairerifleclub.ca\/fr\/a-propos-du-club-de-tir-pointe-claire\/classement\/\",\"url\":\"https:\/\/pointeclairerifleclub.ca\/fr\/a-propos-du-club-de-tir-pointe-claire\/classement\/\",\"name\":\"Classement - Club de tir Pointe-Claire\",\"isPartOf\":{\"@id\":\"https:\/\/pointeclairerifleclub.ca\/fr\/#website\"},\"primaryImageOfPage\":{\"@id\":\"https:\/\/pointeclairerifleclub.ca\/fr\/a-propos-du-club-de-tir-pointe-claire\/classement\/#primaryimage\"},\"image\":{\"@id\":\"https:\/\/pointeclairerifleclub.ca\/fr\/a-propos-du-club-de-tir-pointe-claire\/classement\/#primaryimage\"},\"thumbnailUrl\":\"https:\/\/pointeclairerifleclub.ca\/wp-content\/uploads\/2020\/03\/IMG_7306-scaled.jpg\",\"datePublished\":\"2020-03-30T23:09:02+00:00\",\"dateModified\":\"2020-04-21T17:05:57+00:00\",\"breadcrumb\":{\"@id\":\"https:\/\/pointeclairerifleclub.ca\/fr\/a-propos-du-club-de-tir-pointe-claire\/classement\/#breadcrumb\"},\"inLanguage\":\"fr-CA\",\"potentialAction\":[{\"@type\":\"ReadAction\",\"target\":[\"https:\/\/pointeclairerifleclub.ca\/fr\/a-propos-du-club-de-tir-pointe-claire\/classement\/\"]}]},{\"@type\":\"ImageObject\",\"inLanguage\":\"fr-CA\",\"@id\":\"https:\/\/pointeclairerifleclub.ca\/fr\/a-propos-du-club-de-tir-pointe-claire\/classement\/#primaryimage\",\"url\":\"https:\/\/pointeclairerifleclub.ca\/wp-content\/uploads\/2020\/03\/IMG_7306-scaled.jpg\",\"contentUrl\":\"https:\/\/pointeclairerifleclub.ca\/wp-content\/uploads\/2020\/03\/IMG_7306-scaled.jpg\",\"width\":2560,\"height\":1707},{\"@type\":\"BreadcrumbList\",\"@id\":\"https:\/\/pointeclairerifleclub.ca\/fr\/a-propos-du-club-de-tir-pointe-claire\/classement\/#breadcrumb\",\"itemListElement\":[{\"@type\":\"ListItem\",\"position\":1,\"name\":\"Home\",\"item\":\"https:\/\/pointeclairerifleclub.ca\/fr\/\"},{\"@type\":\"ListItem\",\"position\":2,\"name\":\"\u00c0 propos du Club de tir Pointe-Claire\",\"item\":\"https:\/\/pointeclairerifleclub.ca\/fr\/a-propos-du-club-de-tir-pointe-claire\/\"},{\"@type\":\"ListItem\",\"position\":3,\"name\":\"Classement\"}]},{\"@type\":\"WebSite\",\"@id\":\"https:\/\/pointeclairerifleclub.ca\/fr\/#website\",\"url\":\"https:\/\/pointeclairerifleclub.ca\/fr\/\",\"name\":\"Club de tir Pointe-Claire\",\"description\":\"\",\"publisher\":{\"@id\":\"https:\/\/pointeclairerifleclub.ca\/fr\/#organization\"},\"potentialAction\":[{\"@type\":\"SearchAction\",\"target\":{\"@type\":\"EntryPoint\",\"urlTemplate\":\"https:\/\/pointeclairerifleclub.ca\/fr\/?s={search_term_string}\"},\"query-input\":{\"@type\":\"PropertyValueSpecification\",\"valueRequired\":true,\"valueName\":\"search_term_string\"}}],\"inLanguage\":\"fr-CA\"},{\"@type\":\"Organization\",\"@id\":\"https:\/\/pointeclairerifleclub.ca\/fr\/#organization\",\"name\":\"Club de tir Pointe-Claire\",\"url\":\"https:\/\/pointeclairerifleclub.ca\/fr\/\",\"logo\":{\"@type\":\"ImageObject\",\"inLanguage\":\"fr-CA\",\"@id\":\"https:\/\/pointeclairerifleclub.ca\/fr\/#\/schema\/logo\/image\/\",\"url\":\"https:\/\/pointeclairerifleclub.ca\/wp-content\/uploads\/2020\/03\/PCRC-Logo-Banner.png\",\"contentUrl\":\"https:\/\/pointeclairerifleclub.ca\/wp-content\/uploads\/2020\/03\/PCRC-Logo-Banner.png\",\"width\":2362,\"height\":2088,\"caption\":\"Club de tir Pointe-Claire\"},\"image\":{\"@id\":\"https:\/\/pointeclairerifleclub.ca\/fr\/#\/schema\/logo\/image\/\"}}]}<\/script>\n<!-- \/ Yoast SEO plugin. -->","yoast_head_json":{"title":"Classement - Club de tir Pointe-Claire","robots":{"index":"index","follow":"follow","max-snippet":"max-snippet:-1","max-image-preview":"max-image-preview:large","max-video-preview":"max-video-preview:-1"},"canonical":"https:\/\/pointeclairerifleclub.ca\/fr\/a-propos-du-club-de-tir-pointe-claire\/classement\/","og_locale":"fr_CA","og_type":"article","og_title":"Classement - Club de tir Pointe-Claire","og_description":"Les insignes de classement seront attribu\u00e9s \u00e0 tout moment aux membres qui soumettent deux cibles du type appropri\u00e9 qui ont \u00e9t\u00e9 constat\u00e9es. Les cibles doivent \u00eatre sign\u00e9es par l&rsquo;officiel de tir avant le tir et apr\u00e8s que les cibles aient \u00e9t\u00e9 tir\u00e9es et not\u00e9es selon les r\u00e8glements des comp\u00e9titions du club. Ce programme de r\u00e9compense [...]Lire la suite","og_url":"https:\/\/pointeclairerifleclub.ca\/fr\/a-propos-du-club-de-tir-pointe-claire\/classement\/","og_site_name":"Club de tir Pointe-Claire","article_modified_time":"2020-04-21T17:05:57+00:00","og_image":[{"width":2560,"height":1707,"url":"https:\/\/pointeclairerifleclub.ca\/wp-content\/uploads\/2020\/03\/IMG_7306-scaled.jpg","type":"image\/jpeg"}],"twitter_card":"summary_large_image","twitter_misc":{"Estimation du temps de lecture":"1 minute"},"schema":{"@context":"https:\/\/schema.org","@graph":[{"@type":"WebPage","@id":"https:\/\/pointeclairerifleclub.ca\/fr\/a-propos-du-club-de-tir-pointe-claire\/classement\/","url":"https:\/\/pointeclairerifleclub.ca\/fr\/a-propos-du-club-de-tir-pointe-claire\/classement\/","name":"Classement - Club de tir Pointe-Claire","isPartOf":{"@id":"https:\/\/pointeclairerifleclub.ca\/fr\/#website"},"primaryImageOfPage":{"@id":"https:\/\/pointeclairerifleclub.ca\/fr\/a-propos-du-club-de-tir-pointe-claire\/classement\/#primaryimage"},"image":{"@id":"https:\/\/pointeclairerifleclub.ca\/fr\/a-propos-du-club-de-tir-pointe-claire\/classement\/#primaryimage"},"thumbnailUrl":"https:\/\/pointeclairerifleclub.ca\/wp-content\/uploads\/2020\/03\/IMG_7306-scaled.jpg","datePublished":"2020-03-30T23:09:02+00:00","dateModified":"2020-04-21T17:05:57+00:00","breadcrumb":{"@id":"https:\/\/pointeclairerifleclub.ca\/fr\/a-propos-du-club-de-tir-pointe-claire\/classement\/#breadcrumb"},"inLanguage":"fr-CA","potentialAction":[{"@type":"ReadAction","target":["https:\/\/pointeclairerifleclub.ca\/fr\/a-propos-du-club-de-tir-pointe-claire\/classement\/"]}]},{"@type":"ImageObject","inLanguage":"fr-CA","@id":"https:\/\/pointeclairerifleclub.ca\/fr\/a-propos-du-club-de-tir-pointe-claire\/classement\/#primaryimage","url":"https:\/\/pointeclairerifleclub.ca\/wp-content\/uploads\/2020\/03\/IMG_7306-scaled.jpg","contentUrl":"https:\/\/pointeclairerifleclub.ca\/wp-content\/uploads\/2020\/03\/IMG_7306-scaled.jpg","width":2560,"height":1707},{"@type":"BreadcrumbList","@id":"https:\/\/pointeclairerifleclub.ca\/fr\/a-propos-du-club-de-tir-pointe-claire\/classement\/#breadcrumb","itemListElement":[{"@type":"ListItem","position":1,"name":"Home","item":"https:\/\/pointeclairerifleclub.ca\/fr\/"},{"@type":"ListItem","position":2,"name":"\u00c0 propos du Club de tir Pointe-Claire","item":"https:\/\/pointeclairerifleclub.ca\/fr\/a-propos-du-club-de-tir-pointe-claire\/"},{"@type":"ListItem","position":3,"name":"Classement"}]},{"@type":"WebSite","@id":"https:\/\/pointeclairerifleclub.ca\/fr\/#website","url":"https:\/\/pointeclairerifleclub.ca\/fr\/","name":"Club de tir Pointe-Claire","description":"","publisher":{"@id":"https:\/\/pointeclairerifleclub.ca\/fr\/#organization"},"potentialAction":[{"@type":"SearchAction","target":{"@type":"EntryPoint","urlTemplate":"https:\/\/pointeclairerifleclub.ca\/fr\/?s={search_term_string}"},"query-input":{"@type":"PropertyValueSpecification","valueRequired":true,"valueName":"search_term_string"}}],"inLanguage":"fr-CA"},{"@type":"Organization","@id":"https:\/\/pointeclairerifleclub.ca\/fr\/#organization","name":"Club de tir Pointe-Claire","url":"https:\/\/pointeclairerifleclub.ca\/fr\/","logo":{"@type":"ImageObject","inLanguage":"fr-CA","@id":"https:\/\/pointeclairerifleclub.ca\/fr\/#\/schema\/logo\/image\/","url":"https:\/\/pointeclairerifleclub.ca\/wp-content\/uploads\/2020\/03\/PCRC-Logo-Banner.png","contentUrl":"https:\/\/pointeclairerifleclub.ca\/wp-content\/uploads\/2020\/03\/PCRC-Logo-Banner.png","width":2362,"height":2088,"caption":"Club de tir Pointe-Claire"},"image":{"@id":"https:\/\/pointeclairerifleclub.ca\/fr\/#\/schema\/logo\/image\/"}}]}},"_links":{"self":[{"href":"https:\/\/pointeclairerifleclub.ca\/fr\/wp-json\/wp\/v2\/pages\/869","targetHints":{"allow":["GET"]}}],"collection":[{"href":"https:\/\/pointeclairerifleclub.ca\/fr\/wp-json\/wp\/v2\/pages"}],"about":[{"href":"https:\/\/pointeclairerifleclub.ca\/fr\/wp-json\/wp\/v2\/types\/page"}],"author":[{"embeddable":true,"href":"https:\/\/pointeclairerifleclub.ca\/fr\/wp-json\/wp\/v2\/users\/1"}],"replies":[{"embeddable":true,"href":"https:\/\/pointeclairerifleclub.ca\/fr\/wp-json\/wp\/v2\/comments?post=869"}],"version-history":[{"count":0,"href":"https:\/\/pointeclairerifleclub.ca\/fr\/wp-json\/wp\/v2\/pages\/869\/revisions"}],"up":[{"embeddable":true,"href":"https:\/\/pointeclairerifleclub.ca\/fr\/wp-json\/wp\/v2\/pages\/856"}],"wp:featuredmedia":[{"embeddable":true,"href":"https:\/\/pointeclairerifleclub.ca\/fr\/wp-json\/wp\/v2\/media\/838"}],"wp:attachment":[{"href":"https:\/\/pointeclairerifleclub.ca\/fr\/wp-json\/wp\/v2\/media?parent=869"}],"curies":[{"name":"wp","href":"https:\/\/api.w.org\/{rel}","templated":true}]}}